{"id":548,"date":"2023-06-11T22:00:14","date_gmt":"2023-06-11T22:00:14","guid":{"rendered":"https:\/\/ahsisma.com\/?page_id=548"},"modified":"2023-06-11T22:04:29","modified_gmt":"2023-06-11T22:04:29","slug":"habilitacion-sector-salud","status":"publish","type":"page","link":"https:\/\/ahsisma.com\/?page_id=548","title":{"rendered":"Habilitaci\u00f3n sector salud"},"content":{"rendered":"\t\t<div data-elementor-type=\"wp-page\" data-elementor-id=\"548\" class=\"elementor elementor-548\">\n\t\t\t\t\t\t<section class=\"elementor-section elementor-top-section elementor-element elementor-element-e30f7fd elementor-section-boxed elementor-section-height-default elementor-section-height-default\" data-id=\"e30f7fd\" data-element_type=\"section\">\n\t\t\t\t\t\t<div class=\"elementor-container elementor-column-gap-default\">\n\t\t\t\t\t<div class=\"elementor-column elementor-col-50 elementor-top-column elementor-element elementor-element-df78701\" data-id=\"df78701\" data-element_type=\"column\">\n\t\t\t<div class=\"elementor-widget-wrap elementor-element-populated\">\n\t\t\t\t\t\t<div class=\"elementor-element elementor-element-5e84021 elementor-widget elementor-widget-text-editor\" data-id=\"5e84021\" data-element_type=\"widget\" data-widget_type=\"text-editor.default\">\n\t\t\t\t<div class=\"elementor-widget-container\">\n\t\t\t<style>\/*! elementor - v3.23.0 - 05-08-2024 *\/\n.elementor-widget-text-editor.elementor-drop-cap-view-stacked .elementor-drop-cap{background-color:#69727d;color:#fff}.elementor-widget-text-editor.elementor-drop-cap-view-framed .elementor-drop-cap{color:#69727d;border:3px solid;background-color:transparent}.elementor-widget-text-editor:not(.elementor-drop-cap-view-default) .elementor-drop-cap{margin-top:8px}.elementor-widget-text-editor:not(.elementor-drop-cap-view-default) .elementor-drop-cap-letter{width:1em;height:1em}.elementor-widget-text-editor .elementor-drop-cap{float:left;text-align:center;line-height:1;font-size:50px}.elementor-widget-text-editor .elementor-drop-cap-letter{display:inline-block}<\/style>\t\t\t\t<p><br><\/p><p>\u2022 Dise\u00f1o sistemas de gesti\u00f3n seg\u00fan Resoluci\u00f3n 3100:2019.&nbsp;<\/p>\n<p>\u2022 Auditoria de sistemas de gesti\u00f3n.&nbsp;<\/p>\n<p>\u2022 Integraci\u00f3n con otros sistemas.&nbsp;<\/p>\n<p>\u2022 Dise\u00f1o de planes y programas aplicables a especialidad.&nbsp;<\/p>\n<p>\u2022 Requerimientos administrativos en sector salud \u00e9nfasis Resoluci\u00f3n 3100:2019.<\/p>\t\t\t\t\t\t<\/div>\n\t\t\t\t<\/div>\n\t\t\t\t\t<\/div>\n\t\t<\/div>\n\t\t\t\t<div class=\"elementor-column elementor-col-50 elementor-top-column elementor-element elementor-element-20fb387\" data-id=\"20fb387\" data-element_type=\"column\">\n\t\t\t<div class=\"elementor-widget-wrap elementor-element-populated\">\n\t\t\t\t\t\t<div class=\"elementor-element elementor-element-462475b elementor-widget elementor-widget-image\" data-id=\"462475b\" data-element_type=\"widget\" data-widget_type=\"image.default\">\n\t\t\t\t<div class=\"elementor-widget-container\">\n\t\t\t<style>\/*! elementor - v3.23.0 - 05-08-2024 *\/\n.elementor-widget-image{text-align:center}.elementor-widget-image a{display:inline-block}.elementor-widget-image a img[src$=\".svg\"]{width:48px}.elementor-widget-image img{vertical-align:middle;display:inline-block}<\/style>\t\t\t\t\t\t\t\t\t\t<img fetchpriority=\"high\" decoding=\"async\" width=\"700\" height=\"500\" src=\"https:\/\/ahsisma.com\/wp-content\/uploads\/2023\/06\/SECTOR-SALUD-oprm7or2rln3xrl5lg50tfgh7d5t6cso45ff7jfloo.jpg\" class=\"attachment-large size-large wp-image-552\" alt=\"\" srcset=\"https:\/\/ahsisma.com\/wp-content\/uploads\/2023\/06\/SECTOR-SALUD-oprm7or2rln3xrl5lg50tfgh7d5t6cso45ff7jfloo.jpg 700w, https:\/\/ahsisma.com\/wp-content\/uploads\/2023\/06\/SECTOR-SALUD-oprm7or2rln3xrl5lg50tfgh7d5t6cso45ff7jfloo-300x214.jpg 300w\" sizes=\"(max-width: 700px) 100vw, 700px\" \/>\t\t\t\t\t\t\t\t\t\t\t\t\t<\/div>\n\t\t\t\t<\/div>\n\t\t\t\t\t<\/div>\n\t\t<\/div>\n\t\t\t\t\t<\/div>\n\t\t<\/section>\n\t\t\t\t<\/div>\n\t\t","protected":false},"excerpt":{"rendered":"<p>\u2022 Dise\u00f1o sistemas de gesti\u00f3n seg\u00fan Resoluci\u00f3n 3100:2019.&nbsp; \u2022 Auditoria de sistemas de gesti\u00f3n.&nbsp; \u2022 Integraci\u00f3n con otros sistemas.&nbsp; \u2022 Dise\u00f1o de planes y programas aplicables a especialidad.&nbsp; \u2022 Requerimientos administrativos en sector salud \u00e9nfasis Resoluci\u00f3n 3100:2019.<\/p>\n","protected":false},"author":1,"featured_media":0,"parent":0,"menu_order":0,"comment_status":"closed","ping_status":"closed","template":"","meta":[],"yoast_head":"<!-- This site is optimized with the Yoast SEO plugin v20.8 - https:\/\/yoast.com\/wordpress\/plugins\/seo\/ -->\n<title>Habilitaci\u00f3n sector salud - ahsisma<\/title>\n<meta name=\"robots\" content=\"index, follow, max-snippet:-1, max-image-preview:large, max-video-preview:-1\" \/>\n<link rel=\"canonical\" href=\"https:\/\/ahsisma.com\/?page_id=548\" \/>\n<meta property=\"og:locale\" content=\"es_ES\" \/>\n<meta property=\"og:type\" content=\"article\" \/>\n<meta property=\"og:title\" content=\"Habilitaci\u00f3n sector salud - ahsisma\" \/>\n<meta property=\"og:description\" content=\"\u2022 Dise\u00f1o sistemas de gesti\u00f3n seg\u00fan Resoluci\u00f3n 3100:2019.&nbsp; \u2022 Auditoria de sistemas de gesti\u00f3n.&nbsp; \u2022 Integraci\u00f3n con otros sistemas.&nbsp; \u2022 Dise\u00f1o de planes y programas aplicables a especialidad.&nbsp; \u2022 Requerimientos administrativos en sector salud \u00e9nfasis Resoluci\u00f3n 3100:2019.\" \/>\n<meta property=\"og:url\" content=\"https:\/\/ahsisma.com\/?page_id=548\" \/>\n<meta property=\"og:site_name\" content=\"ahsisma\" \/>\n<meta property=\"article:modified_time\" content=\"2023-06-11T22:04:29+00:00\" \/>\n<meta property=\"og:image\" content=\"https:\/\/ahsisma.com\/wp-content\/uploads\/2023\/06\/SECTOR-SALUD-oprm7or2rln3xrl5lg50tfgh7d5t6cso45ff7jfloo.jpg\" \/>\n<meta name=\"twitter:card\" content=\"summary_large_image\" \/>\n<script type=\"application\/ld+json\" class=\"yoast-schema-graph\">{\"@context\":\"https:\/\/schema.org\",\"@graph\":[{\"@type\":\"WebPage\",\"@id\":\"https:\/\/ahsisma.com\/?page_id=548\",\"url\":\"https:\/\/ahsisma.com\/?page_id=548\",\"name\":\"Habilitaci\u00f3n sector salud - ahsisma\",\"isPartOf\":{\"@id\":\"https:\/\/ahsisma.com\/#website\"},\"datePublished\":\"2023-06-11T22:00:14+00:00\",\"dateModified\":\"2023-06-11T22:04:29+00:00\",\"breadcrumb\":{\"@id\":\"https:\/\/ahsisma.com\/?page_id=548#breadcrumb\"},\"inLanguage\":\"es\",\"potentialAction\":[{\"@type\":\"ReadAction\",\"target\":[\"https:\/\/ahsisma.com\/?page_id=548\"]}]},{\"@type\":\"BreadcrumbList\",\"@id\":\"https:\/\/ahsisma.com\/?page_id=548#breadcrumb\",\"itemListElement\":[{\"@type\":\"ListItem\",\"position\":1,\"name\":\"Portada\",\"item\":\"https:\/\/ahsisma.com\/\"},{\"@type\":\"ListItem\",\"position\":2,\"name\":\"Habilitaci\u00f3n sector salud\"}]},{\"@type\":\"WebSite\",\"@id\":\"https:\/\/ahsisma.com\/#website\",\"url\":\"https:\/\/ahsisma.com\/\",\"name\":\"ahsisma\",\"description\":\"Sistema de gesti\u00f3n\",\"publisher\":{\"@id\":\"https:\/\/ahsisma.com\/#organization\"},\"potentialAction\":[{\"@type\":\"SearchAction\",\"target\":{\"@type\":\"EntryPoint\",\"urlTemplate\":\"https:\/\/ahsisma.com\/?s={search_term_string}\"},\"query-input\":\"required name=search_term_string\"}],\"inLanguage\":\"es\"},{\"@type\":\"Organization\",\"@id\":\"https:\/\/ahsisma.com\/#organization\",\"name\":\"ahsisma\",\"url\":\"https:\/\/ahsisma.com\/\",\"logo\":{\"@type\":\"ImageObject\",\"inLanguage\":\"es\",\"@id\":\"https:\/\/ahsisma.com\/#\/schema\/logo\/image\/\",\"url\":\"https:\/\/ahsisma.com\/wp-content\/uploads\/2024\/02\/WhatsApp-Image-2024-02-03-at-11.07.35.jpeg\",\"contentUrl\":\"https:\/\/ahsisma.com\/wp-content\/uploads\/2024\/02\/WhatsApp-Image-2024-02-03-at-11.07.35.jpeg\",\"width\":1024,\"height\":556,\"caption\":\"ahsisma\"},\"image\":{\"@id\":\"https:\/\/ahsisma.com\/#\/schema\/logo\/image\/\"}}]}<\/script>\n<!-- \/ Yoast SEO plugin. -->","yoast_head_json":{"title":"Habilitaci\u00f3n sector salud - ahsisma","robots":{"index":"index","follow":"follow","max-snippet":"max-snippet:-1","max-image-preview":"max-image-preview:large","max-video-preview":"max-video-preview:-1"},"canonical":"https:\/\/ahsisma.com\/?page_id=548","og_locale":"es_ES","og_type":"article","og_title":"Habilitaci\u00f3n sector salud - ahsisma","og_description":"\u2022 Dise\u00f1o sistemas de gesti\u00f3n seg\u00fan Resoluci\u00f3n 3100:2019.&nbsp; \u2022 Auditoria de sistemas de gesti\u00f3n.&nbsp; \u2022 Integraci\u00f3n con otros sistemas.&nbsp; \u2022 Dise\u00f1o de planes y programas aplicables a especialidad.&nbsp; \u2022 Requerimientos administrativos en sector salud \u00e9nfasis Resoluci\u00f3n 3100:2019.","og_url":"https:\/\/ahsisma.com\/?page_id=548","og_site_name":"ahsisma","article_modified_time":"2023-06-11T22:04:29+00:00","og_image":[{"url":"https:\/\/ahsisma.com\/wp-content\/uploads\/2023\/06\/SECTOR-SALUD-oprm7or2rln3xrl5lg50tfgh7d5t6cso45ff7jfloo.jpg"}],"twitter_card":"summary_large_image","schema":{"@context":"https:\/\/schema.org","@graph":[{"@type":"WebPage","@id":"https:\/\/ahsisma.com\/?page_id=548","url":"https:\/\/ahsisma.com\/?page_id=548","name":"Habilitaci\u00f3n sector salud - ahsisma","isPartOf":{"@id":"https:\/\/ahsisma.com\/#website"},"datePublished":"2023-06-11T22:00:14+00:00","dateModified":"2023-06-11T22:04:29+00:00","breadcrumb":{"@id":"https:\/\/ahsisma.com\/?page_id=548#breadcrumb"},"inLanguage":"es","potentialAction":[{"@type":"ReadAction","target":["https:\/\/ahsisma.com\/?page_id=548"]}]},{"@type":"BreadcrumbList","@id":"https:\/\/ahsisma.com\/?page_id=548#breadcrumb","itemListElement":[{"@type":"ListItem","position":1,"name":"Portada","item":"https:\/\/ahsisma.com\/"},{"@type":"ListItem","position":2,"name":"Habilitaci\u00f3n sector salud"}]},{"@type":"WebSite","@id":"https:\/\/ahsisma.com\/#website","url":"https:\/\/ahsisma.com\/","name":"ahsisma","description":"Sistema de gesti\u00f3n","publisher":{"@id":"https:\/\/ahsisma.com\/#organization"},"potentialAction":[{"@type":"SearchAction","target":{"@type":"EntryPoint","urlTemplate":"https:\/\/ahsisma.com\/?s={search_term_string}"},"query-input":"required name=search_term_string"}],"inLanguage":"es"},{"@type":"Organization","@id":"https:\/\/ahsisma.com\/#organization","name":"ahsisma","url":"https:\/\/ahsisma.com\/","logo":{"@type":"ImageObject","inLanguage":"es","@id":"https:\/\/ahsisma.com\/#\/schema\/logo\/image\/","url":"https:\/\/ahsisma.com\/wp-content\/uploads\/2024\/02\/WhatsApp-Image-2024-02-03-at-11.07.35.jpeg","contentUrl":"https:\/\/ahsisma.com\/wp-content\/uploads\/2024\/02\/WhatsApp-Image-2024-02-03-at-11.07.35.jpeg","width":1024,"height":556,"caption":"ahsisma"},"image":{"@id":"https:\/\/ahsisma.com\/#\/schema\/logo\/image\/"}}]}},"_links":{"self":[{"href":"https:\/\/ahsisma.com\/index.php?rest_route=\/wp\/v2\/pages\/548"}],"collection":[{"href":"https:\/\/ahsisma.com\/index.php?rest_route=\/wp\/v2\/pages"}],"about":[{"href":"https:\/\/ahsisma.com\/index.php?rest_route=\/wp\/v2\/types\/page"}],"author":[{"embeddable":true,"href":"https:\/\/ahsisma.com\/index.php?rest_route=\/wp\/v2\/users\/1"}],"replies":[{"embeddable":true,"href":"https:\/\/ahsisma.com\/index.php?rest_route=%2Fwp%2Fv2%2Fcomments&post=548"}],"version-history":[{"count":4,"href":"https:\/\/ahsisma.com\/index.php?rest_route=\/wp\/v2\/pages\/548\/revisions"}],"predecessor-version":[{"id":555,"href":"https:\/\/ahsisma.com\/index.php?rest_route=\/wp\/v2\/pages\/548\/revisions\/555"}],"wp:attachment":[{"href":"https:\/\/ahsisma.com\/index.php?rest_route=%2Fwp%2Fv2%2Fmedia&parent=548"}],"curies":[{"name":"wp","href":"https:\/\/api.w.org\/{rel}","templated":true}]}}