{"id":572,"date":"2023-06-11T22:33:46","date_gmt":"2023-06-11T22:33:46","guid":{"rendered":"https:\/\/ahsisma.com\/?page_id=572"},"modified":"2023-06-12T13:00:45","modified_gmt":"2023-06-12T13:00:45","slug":"sobre-nosotros","status":"publish","type":"page","link":"https:\/\/ahsisma.com\/?page_id=572","title":{"rendered":"Sobre Nosotros"},"content":{"rendered":"\t\t<div data-elementor-type=\"wp-page\" data-elementor-id=\"572\" class=\"elementor elementor-572\">\n\t\t\t\t\t\t<section class=\"elementor-section elementor-top-section elementor-element elementor-element-ae250f5 elementor-section-boxed elementor-section-height-default elementor-section-height-default\" data-id=\"ae250f5\" data-element_type=\"section\">\n\t\t\t\t\t\t<div class=\"elementor-container elementor-column-gap-default\">\n\t\t\t\t\t<div class=\"elementor-column elementor-col-100 elementor-top-column elementor-element elementor-element-564e37d\" data-id=\"564e37d\" data-element_type=\"column\">\n\t\t\t<div class=\"elementor-widget-wrap elementor-element-populated\">\n\t\t\t\t\t\t<div class=\"elementor-element elementor-element-364ef244 elementor-widget elementor-widget-text-editor\" data-id=\"364ef244\" data-element_type=\"widget\" data-widget_type=\"text-editor.default\">\n\t\t\t\t<div class=\"elementor-widget-container\">\n\t\t\t<style>\/*! elementor - v3.23.0 - 05-08-2024 *\/\n.elementor-widget-text-editor.elementor-drop-cap-view-stacked .elementor-drop-cap{background-color:#69727d;color:#fff}.elementor-widget-text-editor.elementor-drop-cap-view-framed .elementor-drop-cap{color:#69727d;border:3px solid;background-color:transparent}.elementor-widget-text-editor:not(.elementor-drop-cap-view-default) .elementor-drop-cap{margin-top:8px}.elementor-widget-text-editor:not(.elementor-drop-cap-view-default) .elementor-drop-cap-letter{width:1em;height:1em}.elementor-widget-text-editor .elementor-drop-cap{float:left;text-align:center;line-height:1;font-size:50px}.elementor-widget-text-editor .elementor-drop-cap-letter{display:inline-block}<\/style>\t\t\t\t<p><!-- wp:paragraph --><\/p>\n<p>AHSISMA SAS es una empresa dedicada a la soluci\u00f3n integral de los riesgos laborales y ambientales de las empresas, ofreciendo alternativas sist\u00e9micas, estrat\u00e9gicas y efectivas en la gesti\u00f3n de los riesgos laborales y medio ambientales en Colombia, convirti\u00e9ndonos en un aliado estrat\u00e9gico de las organizaciones, independientemente del tama\u00f1o, actividad econ\u00f3mica que realiza y problem\u00e1tica interna existente.<\/p>\n<p><span style=\"background-color: var(--wp--preset--color--white); font-family: var( --e-global-typography-text-font-family ), Sans-serif; font-size: var(--wp--preset--font-size--x-large); font-weight: 600;\">Misi\u00f3n<\/span><\/p>\n<p><!-- \/wp:heading --><\/p>\n<p><!-- wp:paragraph --><\/p>\n<p>Generar cultura en seguridad, salud en el trabajo y medio ambiente de nuestros clientes, generando mayor productividad y tranquilidad en la seguridad de sus procesos, aportando al mejoramiento de la calidad de vida de los trabajadores y sus familias, a trav\u00e9s de lagesti\u00f3n del riesgo y el cuidado del medio ambiente, con un alto nivel de responsabilidad social, comprometidos con nuestro equipo de trabajo.<\/p>\n<p><!-- \/wp:paragraph --><\/p>\n<p><!-- wp:heading --><\/p>\n<h2 class=\"wp-block-heading\">Nuestra especialidad<\/h2>\n<p><!-- \/wp:heading --><\/p>\n<p><!-- wp:paragraph --><\/p>\n<p>Implementaci\u00f3n de Sistemas de Gestion de Calidad, Seguridad y Ambiental, bajo normas vigentes como NTC ISO 9001:08; 14001:07; OSHAS 18001:07 y Decreto 1072 (1443 de2014); RUC:2014. Entre otros servicios que prestamos:<\/p>\n<p><!-- \/wp:paragraph --><\/p>\n<p><!-- wp:paragraph --><\/p>\n<p>Auditor\u00edasinternas en SGI-RUCO.<\/p>\n<p><!-- \/wp:paragraph --><\/p>\n<p><!-- wp:paragraph --><\/p>\n<p>Outsourcing enseguridad, salud en el trabajo, Ambiental y Calidad.<\/p>\n<p><!-- \/wp:paragraph --><\/p>\n<p><!-- wp:paragraph --><\/p>\n<p>Investigaci\u00f3n de accidentes laborales bajo 1401:07.<\/p>\n<p><!-- \/wp:paragraph --><\/p>\n<p><!-- wp:paragraph --><\/p>\n<p>Administraci\u00f3n de grupos de apoyo (COPASST\u2013BRIGADAS\u2013CCL).<\/p>\n<p><!-- \/wp:paragraph --><\/p>\n<p><!-- wp:paragraph --><\/p>\n<p>Proyectos de Intervenci\u00f3n en riesgos seg\u00fan las necesidades empresariales.<\/p>\n<p><!-- \/wp:paragraph --><\/p>\n<p><!-- wp:paragraph --><\/p>\n<p>Apoyar la empresa en la Gesti\u00f3n del Riesgo Laboral y Medio Ambiental.<\/p>\n<p><!-- \/wp:paragraph --><\/p>\n<p><!-- wp:paragraph --><\/p>\n<p>Contribuir en el mejoramiento de la calidad de vida de los trabajadores y sus familias.<\/p>\n<p><!-- \/wp:paragraph --><\/p>\n<p><!-- wp:paragraph --><\/p>\n<p>Contribuir con el cuidado del medio ambiente.<\/p>\n<p><!-- \/wp:paragraph --><\/p>\n<p><!-- wp:paragraph --><\/p>\n<p>Aportar en la minimizaci\u00f3n de los riesgos jur\u00eddicos.<\/p>\n<p><!-- \/wp:paragraph --><\/p>\n<p><!-- wp:paragraph --><\/p>\n<p>Apoyar en la productividad y competitividad de su organizaci\u00f3n.<\/p>\n<p><!-- \/wp:paragraph --><\/p>\n<p><!-- wp:paragraph --><\/p>\n<p>Promover la cultura de la seguridad y el autocuidado.<\/p>\n<p><!-- \/wp:paragraph --><\/p>\n<p><!-- wp:paragraph --><\/p>\n<p>Formaci\u00f3n de auditores internos, programas, grupos de apoyo y de diferentes normas de certificaci\u00f3n.<\/p>\n<p><!-- \/wp:paragraph --><\/p>\n<p><!-- wp:paragraph --><\/p>\n<p>Gesti\u00f3n del riesgo psicosocial.<\/p>\n<p><!-- \/wp:paragraph --><\/p>\t\t\t\t\t\t<\/div>\n\t\t\t\t<\/div>\n\t\t\t\t\t<\/div>\n\t\t<\/div>\n\t\t\t\t\t<\/div>\n\t\t<\/section>\n\t\t\t\t<\/div>\n\t\t","protected":false},"excerpt":{"rendered":"<p>AHSISMA SAS es una empresa dedicada a la soluci\u00f3n integral de los riesgos laborales y ambientales de las empresas, ofreciendo alternativas sist\u00e9micas, estrat\u00e9gicas y efectivas en la gesti\u00f3n de los riesgos laborales y medio ambientales en Colombia, convirti\u00e9ndonos en un aliado estrat\u00e9gico de las organizaciones, independientemente del tama\u00f1o, actividad econ\u00f3mica que realiza y problem\u00e1tica interna [&hellip;]<\/p>\n","protected":false},"author":1,"featured_media":0,"parent":0,"menu_order":0,"comment_status":"closed","ping_status":"closed","template":"","meta":[],"yoast_head":"<!-- This site is optimized with the Yoast SEO plugin v20.8 - https:\/\/yoast.com\/wordpress\/plugins\/seo\/ -->\n<title>Sobre Nosotros - ahsisma<\/title>\n<meta name=\"robots\" content=\"index, follow, max-snippet:-1, max-image-preview:large, max-video-preview:-1\" \/>\n<link rel=\"canonical\" href=\"https:\/\/ahsisma.com\/?page_id=572\" \/>\n<meta property=\"og:locale\" content=\"es_ES\" \/>\n<meta property=\"og:type\" content=\"article\" \/>\n<meta property=\"og:title\" content=\"Sobre Nosotros - ahsisma\" \/>\n<meta property=\"og:description\" content=\"AHSISMA SAS es una empresa dedicada a la soluci\u00f3n integral de los riesgos laborales y ambientales de las empresas, ofreciendo alternativas sist\u00e9micas, estrat\u00e9gicas y efectivas en la gesti\u00f3n de los riesgos laborales y medio ambientales en Colombia, convirti\u00e9ndonos en un aliado estrat\u00e9gico de las organizaciones, independientemente del tama\u00f1o, actividad econ\u00f3mica que realiza y problem\u00e1tica interna [&hellip;]\" \/>\n<meta property=\"og:url\" content=\"https:\/\/ahsisma.com\/?page_id=572\" \/>\n<meta property=\"og:site_name\" content=\"ahsisma\" \/>\n<meta property=\"article:modified_time\" content=\"2023-06-12T13:00:45+00:00\" \/>\n<meta name=\"twitter:card\" content=\"summary_large_image\" \/>\n<meta name=\"twitter:label1\" content=\"Tiempo de lectura\" \/>\n\t<meta name=\"twitter:data1\" content=\"2 minutos\" \/>\n<script type=\"application\/ld+json\" class=\"yoast-schema-graph\">{\"@context\":\"https:\/\/schema.org\",\"@graph\":[{\"@type\":\"WebPage\",\"@id\":\"https:\/\/ahsisma.com\/?page_id=572\",\"url\":\"https:\/\/ahsisma.com\/?page_id=572\",\"name\":\"Sobre Nosotros - ahsisma\",\"isPartOf\":{\"@id\":\"https:\/\/ahsisma.com\/#website\"},\"datePublished\":\"2023-06-11T22:33:46+00:00\",\"dateModified\":\"2023-06-12T13:00:45+00:00\",\"breadcrumb\":{\"@id\":\"https:\/\/ahsisma.com\/?page_id=572#breadcrumb\"},\"inLanguage\":\"es\",\"potentialAction\":[{\"@type\":\"ReadAction\",\"target\":[\"https:\/\/ahsisma.com\/?page_id=572\"]}]},{\"@type\":\"BreadcrumbList\",\"@id\":\"https:\/\/ahsisma.com\/?page_id=572#breadcrumb\",\"itemListElement\":[{\"@type\":\"ListItem\",\"position\":1,\"name\":\"Portada\",\"item\":\"https:\/\/ahsisma.com\/\"},{\"@type\":\"ListItem\",\"position\":2,\"name\":\"Sobre Nosotros\"}]},{\"@type\":\"WebSite\",\"@id\":\"https:\/\/ahsisma.com\/#website\",\"url\":\"https:\/\/ahsisma.com\/\",\"name\":\"ahsisma\",\"description\":\"Sistema de gesti\u00f3n\",\"publisher\":{\"@id\":\"https:\/\/ahsisma.com\/#organization\"},\"potentialAction\":[{\"@type\":\"SearchAction\",\"target\":{\"@type\":\"EntryPoint\",\"urlTemplate\":\"https:\/\/ahsisma.com\/?s={search_term_string}\"},\"query-input\":\"required name=search_term_string\"}],\"inLanguage\":\"es\"},{\"@type\":\"Organization\",\"@id\":\"https:\/\/ahsisma.com\/#organization\",\"name\":\"ahsisma\",\"url\":\"https:\/\/ahsisma.com\/\",\"logo\":{\"@type\":\"ImageObject\",\"inLanguage\":\"es\",\"@id\":\"https:\/\/ahsisma.com\/#\/schema\/logo\/image\/\",\"url\":\"https:\/\/ahsisma.com\/wp-content\/uploads\/2024\/02\/WhatsApp-Image-2024-02-03-at-11.07.35.jpeg\",\"contentUrl\":\"https:\/\/ahsisma.com\/wp-content\/uploads\/2024\/02\/WhatsApp-Image-2024-02-03-at-11.07.35.jpeg\",\"width\":1024,\"height\":556,\"caption\":\"ahsisma\"},\"image\":{\"@id\":\"https:\/\/ahsisma.com\/#\/schema\/logo\/image\/\"}}]}<\/script>\n<!-- \/ Yoast SEO plugin. -->","yoast_head_json":{"title":"Sobre Nosotros - ahsisma","robots":{"index":"index","follow":"follow","max-snippet":"max-snippet:-1","max-image-preview":"max-image-preview:large","max-video-preview":"max-video-preview:-1"},"canonical":"https:\/\/ahsisma.com\/?page_id=572","og_locale":"es_ES","og_type":"article","og_title":"Sobre Nosotros - ahsisma","og_description":"AHSISMA SAS es una empresa dedicada a la soluci\u00f3n integral de los riesgos laborales y ambientales de las empresas, ofreciendo alternativas sist\u00e9micas, estrat\u00e9gicas y efectivas en la gesti\u00f3n de los riesgos laborales y medio ambientales en Colombia, convirti\u00e9ndonos en un aliado estrat\u00e9gico de las organizaciones, independientemente del tama\u00f1o, actividad econ\u00f3mica que realiza y problem\u00e1tica interna [&hellip;]","og_url":"https:\/\/ahsisma.com\/?page_id=572","og_site_name":"ahsisma","article_modified_time":"2023-06-12T13:00:45+00:00","twitter_card":"summary_large_image","twitter_misc":{"Tiempo de lectura":"2 minutos"},"schema":{"@context":"https:\/\/schema.org","@graph":[{"@type":"WebPage","@id":"https:\/\/ahsisma.com\/?page_id=572","url":"https:\/\/ahsisma.com\/?page_id=572","name":"Sobre Nosotros - ahsisma","isPartOf":{"@id":"https:\/\/ahsisma.com\/#website"},"datePublished":"2023-06-11T22:33:46+00:00","dateModified":"2023-06-12T13:00:45+00:00","breadcrumb":{"@id":"https:\/\/ahsisma.com\/?page_id=572#breadcrumb"},"inLanguage":"es","potentialAction":[{"@type":"ReadAction","target":["https:\/\/ahsisma.com\/?page_id=572"]}]},{"@type":"BreadcrumbList","@id":"https:\/\/ahsisma.com\/?page_id=572#breadcrumb","itemListElement":[{"@type":"ListItem","position":1,"name":"Portada","item":"https:\/\/ahsisma.com\/"},{"@type":"ListItem","position":2,"name":"Sobre Nosotros"}]},{"@type":"WebSite","@id":"https:\/\/ahsisma.com\/#website","url":"https:\/\/ahsisma.com\/","name":"ahsisma","description":"Sistema de gesti\u00f3n","publisher":{"@id":"https:\/\/ahsisma.com\/#organization"},"potentialAction":[{"@type":"SearchAction","target":{"@type":"EntryPoint","urlTemplate":"https:\/\/ahsisma.com\/?s={search_term_string}"},"query-input":"required name=search_term_string"}],"inLanguage":"es"},{"@type":"Organization","@id":"https:\/\/ahsisma.com\/#organization","name":"ahsisma","url":"https:\/\/ahsisma.com\/","logo":{"@type":"ImageObject","inLanguage":"es","@id":"https:\/\/ahsisma.com\/#\/schema\/logo\/image\/","url":"https:\/\/ahsisma.com\/wp-content\/uploads\/2024\/02\/WhatsApp-Image-2024-02-03-at-11.07.35.jpeg","contentUrl":"https:\/\/ahsisma.com\/wp-content\/uploads\/2024\/02\/WhatsApp-Image-2024-02-03-at-11.07.35.jpeg","width":1024,"height":556,"caption":"ahsisma"},"image":{"@id":"https:\/\/ahsisma.com\/#\/schema\/logo\/image\/"}}]}},"_links":{"self":[{"href":"https:\/\/ahsisma.com\/index.php?rest_route=\/wp\/v2\/pages\/572"}],"collection":[{"href":"https:\/\/ahsisma.com\/index.php?rest_route=\/wp\/v2\/pages"}],"about":[{"href":"https:\/\/ahsisma.com\/index.php?rest_route=\/wp\/v2\/types\/page"}],"author":[{"embeddable":true,"href":"https:\/\/ahsisma.com\/index.php?rest_route=\/wp\/v2\/users\/1"}],"replies":[{"embeddable":true,"href":"https:\/\/ahsisma.com\/index.php?rest_route=%2Fwp%2Fv2%2Fcomments&post=572"}],"version-history":[{"count":22,"href":"https:\/\/ahsisma.com\/index.php?rest_route=\/wp\/v2\/pages\/572\/revisions"}],"predecessor-version":[{"id":626,"href":"https:\/\/ahsisma.com\/index.php?rest_route=\/wp\/v2\/pages\/572\/revisions\/626"}],"wp:attachment":[{"href":"https:\/\/ahsisma.com\/index.php?rest_route=%2Fwp%2Fv2%2Fmedia&parent=572"}],"curies":[{"name":"wp","href":"https:\/\/api.w.org\/{rel}","templated":true}]}}